{"id":5822,"date":"2025-10-09T11:48:54","date_gmt":"2025-10-09T09:48:54","guid":{"rendered":"http:\/\/wth.webhost.city-map.com\/impressum\/"},"modified":"2025-10-09T11:48:56","modified_gmt":"2025-10-09T09:48:56","slug":"impressum","status":"publish","type":"page","link":"https:\/\/wthgmbh.de\/pl\/impressum\/","title":{"rendered":"Impressum"},"content":{"rendered":"\t\t<div data-elementor-type=\"wp-page\" data-elementor-id=\"5822\" class=\"elementor elementor-5822 elementor-1399\" data-elementor-post-type=\"page\">\n\t\t\t\t\t\t<section class=\"elementor-section elementor-top-section elementor-element elementor-element-a821f8f elementor-section-boxed elementor-section-height-default elementor-section-height-default\" data-id=\"a821f8f\" data-element_type=\"section\" data-e-type=\"section\" data-settings=\"{&quot;background_background&quot;:&quot;classic&quot;}\">\n\t\t\t\t\t\t<div class=\"elementor-container elementor-column-gap-default\">\n\t\t\t\t\t<div class=\"elementor-column elementor-col-100 elementor-top-column elementor-element elementor-element-600c4d0\" data-id=\"600c4d0\" data-element_type=\"column\" data-e-type=\"column\">\n\t\t\t<div class=\"elementor-widget-wrap elementor-element-populated\">\n\t\t\t\t\t\t<div class=\"elementor-element elementor-element-9cf794a elementor-widget elementor-widget-heading\" data-id=\"9cf794a\" data-element_type=\"widget\" data-e-type=\"widget\" data-widget_type=\"heading.default\">\n\t\t\t\t<div class=\"elementor-widget-container\">\n\t\t\t\t\t<h1 class=\"elementor-heading-title elementor-size-default\">Impressum<\/h1>\t\t\t\t<\/div>\n\t\t\t\t<\/div>\n\t\t\t\t\t<\/div>\n\t\t<\/div>\n\t\t\t\t\t<\/div>\n\t\t<\/section>\n\t\t\t\t<section class=\"elementor-section elementor-top-section elementor-element elementor-element-e9ca8c8 elementor-section-boxed elementor-section-height-default elementor-section-height-default\" data-id=\"e9ca8c8\" data-element_type=\"section\" data-e-type=\"section\">\n\t\t\t\t\t\t<div class=\"elementor-container elementor-column-gap-default\">\n\t\t\t\t\t<div class=\"elementor-column elementor-col-100 elementor-top-column elementor-element elementor-element-85f236b\" data-id=\"85f236b\" data-element_type=\"column\" data-e-type=\"column\">\n\t\t\t<div class=\"elementor-widget-wrap elementor-element-populated\">\n\t\t\t\t\t\t<div class=\"elementor-element elementor-element-be2011a elementor-widget elementor-widget-text-editor\" data-id=\"be2011a\" data-element_type=\"widget\" data-e-type=\"widget\" data-widget_type=\"text-editor.default\">\n\t\t\t\t<div class=\"elementor-widget-container\">\n\t\t\t\t\t\t\t\t\t<h2>Angaben gem\u00e4\u00df \u00a7 5 TMG<\/h2><p>WTH Walter Thieme Handel GmbH<br \/>Beguinenstr. 13<br \/>21682 Stade<\/p><p><strong>Vertreten durch Gesch\u00e4ftsf\u00fchrer:<\/strong><br \/>Gero Thieme<\/p><p><strong>Kontakt:<\/strong><br \/>Telefon: +49-(0)4141-5292-0<br \/>Telefax: +49-(0)4141-5292-29<br \/>Email:\u00a0<span id=\"cloak3830ccd3a10b84a06f44ae7ba8660a2a\"><a style=\"color: #000;\" href=\"mailto:info@wthgmbh.de\">info@wthgmbh.de<\/a><\/span><\/p><p><strong>Registereintrag:<\/strong><br \/>Eintragung im Amtsgericht Tostedt<br \/>Registernummer: HRB 100318<\/p><p><strong>Umsatzsteuer-ID:<\/strong><br \/>Umsatzsteuer-Identifikationsnummer gem\u00e4\u00df \u00a727a Umsatzsteuergesetz: DE116466529<\/p><p><a style=\"color: #000;\">Allgemeine Gesch\u00e4ftsbedingungen (AGB)<\/a><\/p><p><strong>Verantwortlich f\u00fcr den Inhalt nach \u00a7 55 Abs. 2 RStV:<\/strong><br \/>Walter Thieme<br \/>Beguinenstr. 13<br \/>21682 Stade<\/p><p><strong>Online-Streitbeilegung gem\u00e4\u00df \u00a7 36 VSBG:<\/strong><br \/>Wir sind grunds\u00e4tzlich nicht bereit und verpflichtet, an Streitbeilegungsverfahren vor einer Verbraucherschlichtungsstelle teilzunehmen.<\/p><p><strong>Haftungsausschluss:<\/strong><\/p><p><strong>Haftung f\u00fcr Inhalte<\/strong><\/p><p>Die Inhalte unserer Seiten wurden mit gr\u00f6\u00dfter Sorgfalt erstellt. F\u00fcr die Richtigkeit, Vollst\u00e4ndigkeit und Aktualit\u00e4t der Inhalte k\u00f6nnen wir jedoch keine Gew\u00e4hr \u00fcbernehmen. Als Diensteanbieter sind wir gem\u00e4\u00df \u00a7 7 Abs.1 TMG f\u00fcr eigene Inhalte auf diesen Seiten nach den allgemeinen Gesetzen verantwortlich. Nach \u00a7\u00a7 8 bis 10 TMG sind wir als Diensteanbieter jedoch nicht verpflichtet, \u00fcbermittelte oder gespeicherte fremde Informationen zu \u00fcberwachen oder nach Umst\u00e4nden zu forschen, die auf eine rechtswidrige T\u00e4tigkeit hinweisen. Verpflichtungen zur Entfernung oder Sperrung der Nutzung von Informationen nach den allgemeinen Gesetzen bleiben hiervon unber\u00fchrt. Eine diesbez\u00fcgliche Haftung ist jedoch erst ab dem Zeitpunkt der Kenntnis einer konkreten Rechtsverletzung m\u00f6glich. Bei Bekanntwerden von entsprechenden Rechtsverletzungen werden wir diese Inhalte umgehend entfernen.<\/p><p><strong>Haftung f\u00fcr Links<\/strong><\/p><p>Unser Angebot enth\u00e4lt Links zu externen Webseiten Dritter, auf deren Inhalte wir keinen Einfluss haben. Deshalb k\u00f6nnen wir f\u00fcr diese fremden Inhalte auch keine Gew\u00e4hr \u00fcbernehmen. F\u00fcr die Inhalte der verlinkten Seiten ist stets der jeweilige Anbieter oder Betreiber der Seiten verantwortlich. Die verlinkten Seiten wurden zum Zeitpunkt der Verlinkung auf m\u00f6gliche Rechtsverst\u00f6\u00dfe \u00fcberpr\u00fcft. Rechtswidrige Inhalte waren zum Zeitpunkt der Verlinkung nicht erkennbar. Eine permanente inhaltliche Kontrolle der verlinkten Seiten ist jedoch ohne konkrete Anhaltspunkte einer Rechtsverletzung nicht zumutbar. Bei Bekanntwerden von Rechtsverletzungen werden wir derartige Links umgehend entfernen<\/p><p>Website Impressum erstellt durch\u00a0<a style=\"color: #000;\" href=\"http:\/\/www.impressum-generator.de\/\">impressum-generator.de<\/a><\/p>\t\t\t\t\t\t\t\t<\/div>\n\t\t\t\t<\/div>\n\t\t\t\t\t<\/div>\n\t\t<\/div>\n\t\t\t\t\t<\/div>\n\t\t<\/section>\n\t\t\t\t<\/div>\n\t\t","protected":false},"excerpt":{"rendered":"<p>Impressum Angaben gem\u00e4\u00df \u00a7 5 TMG WTH Walter Thieme Handel GmbHBeguinenstr. 1321682 Stade Vertreten durch Gesch\u00e4ftsf\u00fchrer:Gero Thieme Kontakt:Telefon: +49-(0)4141-5292-0Telefax: +49-(0)4141-5292-29Email:\u00a0info@wthgmbh.de Registereintrag:Eintragung im Amtsgericht TostedtRegisternummer: HRB 100318 Umsatzsteuer-ID:Umsatzsteuer-Identifikationsnummer gem\u00e4\u00df \u00a727a Umsatzsteuergesetz: DE116466529 Allgemeine Gesch\u00e4ftsbedingungen (AGB) Verantwortlich f\u00fcr den Inhalt nach \u00a7 55 Abs. 2 RStV:Walter ThiemeBeguinenstr. 1321682 Stade Online-Streitbeilegung gem\u00e4\u00df \u00a7 36 VSBG:Wir sind grunds\u00e4tzlich nicht [&hellip;]<\/p>\n","protected":false},"author":2,"featured_media":0,"parent":0,"menu_order":0,"comment_status":"closed","ping_status":"closed","template":"","meta":{"footnotes":""},"class_list":["post-5822","page","type-page","status-publish","hentry"],"_links":{"self":[{"href":"https:\/\/wthgmbh.de\/pl\/wp-json\/wp\/v2\/pages\/5822","targetHints":{"allow":["GET"]}}],"collection":[{"href":"https:\/\/wthgmbh.de\/pl\/wp-json\/wp\/v2\/pages"}],"about":[{"href":"https:\/\/wthgmbh.de\/pl\/wp-json\/wp\/v2\/types\/page"}],"author":[{"embeddable":true,"href":"https:\/\/wthgmbh.de\/pl\/wp-json\/wp\/v2\/users\/2"}],"replies":[{"embeddable":true,"href":"https:\/\/wthgmbh.de\/pl\/wp-json\/wp\/v2\/comments?post=5822"}],"version-history":[{"count":29,"href":"https:\/\/wthgmbh.de\/pl\/wp-json\/wp\/v2\/pages\/5822\/revisions"}],"predecessor-version":[{"id":11388,"href":"https:\/\/wthgmbh.de\/pl\/wp-json\/wp\/v2\/pages\/5822\/revisions\/11388"}],"wp:attachment":[{"href":"https:\/\/wthgmbh.de\/pl\/wp-json\/wp\/v2\/media?parent=5822"}],"curies":[{"name":"wp","href":"https:\/\/api.w.org\/{rel}","templated":true}]}}