{"id":4447,"date":"2021-10-28T14:32:29","date_gmt":"2021-10-28T12:32:29","guid":{"rendered":"http:\/\/wth.webhost.city-map.com\/filozofia\/"},"modified":"2026-02-10T08:45:12","modified_gmt":"2026-02-10T07:45:12","slug":"filozofia","status":"publish","type":"page","link":"https:\/\/wthgmbh.de\/pl\/filozofia\/","title":{"rendered":"Filozofia"},"content":{"rendered":"\t\t<div data-elementor-type=\"wp-post\" data-elementor-id=\"4447\" class=\"elementor elementor-4447 elementor-3268\" data-elementor-post-type=\"page\">\n\t\t\t\t\t\t<section class=\"elementor-section elementor-top-section elementor-element elementor-element-1bc11661 elementor-section-boxed elementor-section-height-default elementor-section-height-default\" data-id=\"1bc11661\" data-element_type=\"section\" data-e-type=\"section\" data-settings=\"{&quot;background_background&quot;:&quot;classic&quot;}\">\n\t\t\t\t\t\t<div class=\"elementor-container elementor-column-gap-default\">\n\t\t\t\t\t<div class=\"elementor-column elementor-col-100 elementor-top-column elementor-element elementor-element-796fb9c3\" data-id=\"796fb9c3\" data-element_type=\"column\" data-e-type=\"column\">\n\t\t\t<div class=\"elementor-widget-wrap elementor-element-populated\">\n\t\t\t\t\t\t<div class=\"elementor-element elementor-element-313e3954 elementor-widget elementor-widget-heading\" data-id=\"313e3954\" data-element_type=\"widget\" data-e-type=\"widget\" data-widget_type=\"heading.default\">\n\t\t\t\t<div class=\"elementor-widget-container\">\n\t\t\t\t\t<h1 class=\"elementor-heading-title elementor-size-default\">Filozofia<\/h1>\t\t\t\t<\/div>\n\t\t\t\t<\/div>\n\t\t\t\t\t<\/div>\n\t\t<\/div>\n\t\t\t\t\t<\/div>\n\t\t<\/section>\n\t\t\t\t<section class=\"elementor-section elementor-top-section elementor-element elementor-element-4984595f elementor-section-boxed elementor-section-height-default elementor-section-height-default\" data-id=\"4984595f\" data-element_type=\"section\" data-e-type=\"section\">\n\t\t\t\t\t\t<div class=\"elementor-container elementor-column-gap-default\">\n\t\t\t\t\t<div class=\"elementor-column elementor-col-33 elementor-top-column elementor-element elementor-element-33276043\" data-id=\"33276043\" data-element_type=\"column\" data-e-type=\"column\">\n\t\t\t<div class=\"elementor-widget-wrap elementor-element-populated\">\n\t\t\t\t\t\t<div class=\"elementor-element elementor-element-50f40a4f elementor-widget elementor-widget-heading\" data-id=\"50f40a4f\" data-element_type=\"widget\" data-e-type=\"widget\" data-widget_type=\"heading.default\">\n\t\t\t\t<div class=\"elementor-widget-container\">\n\t\t\t\t\t<h3 class=\"elementor-heading-title elementor-size-default\">Firma<\/h3>\t\t\t\t<\/div>\n\t\t\t\t<\/div>\n\t\t\t\t<div class=\"elementor-element elementor-element-dd06e67 elementor-nav-menu__align-start elementor-nav-menu--dropdown-none elementor-widget elementor-widget-nav-menu\" data-id=\"dd06e67\" data-element_type=\"widget\" data-e-type=\"widget\" data-settings=\"{&quot;layout&quot;:&quot;vertical&quot;,&quot;submenu_icon&quot;:{&quot;value&quot;:&quot;&lt;i class=\\&quot;fas fa-caret-down\\&quot; aria-hidden=\\&quot;true\\&quot;&gt;&lt;\\\/i&gt;&quot;,&quot;library&quot;:&quot;fa-solid&quot;}}\" data-widget_type=\"nav-menu.default\">\n\t\t\t\t<div class=\"elementor-widget-container\">\n\t\t\t\t\t\t\t\t<nav aria-label=\"Menu\" class=\"elementor-nav-menu--main elementor-nav-menu__container elementor-nav-menu--layout-vertical e--pointer-none\">\n\t\t\t\t<ul id=\"menu-1-dd06e67\" class=\"elementor-nav-menu sm-vertical\"><li class=\"menu-item menu-item-type-post_type menu-item-object-page menu-item-4528\"><a href=\"https:\/\/wthgmbh.de\/pl\/o-nas\/\" class=\"elementor-item\">O nas<\/a><\/li>\n<li class=\"menu-item menu-item-type-post_type menu-item-object-page menu-item-4529\"><a href=\"https:\/\/wthgmbh.de\/pl\/filozofia\/\" class=\"elementor-item\">Filozofia<\/a><\/li>\n<li class=\"menu-item menu-item-type-post_type menu-item-object-page menu-item-5892\"><a href=\"https:\/\/wthgmbh.de\/pl\/historia\/\" class=\"elementor-item\">Historia<\/a><\/li>\n<\/ul>\t\t\t<\/nav>\n\t\t\t\t\t\t<nav class=\"elementor-nav-menu--dropdown elementor-nav-menu__container\" aria-hidden=\"true\">\n\t\t\t\t<ul id=\"menu-2-dd06e67\" class=\"elementor-nav-menu sm-vertical\"><li class=\"menu-item menu-item-type-post_type menu-item-object-page menu-item-4528\"><a href=\"https:\/\/wthgmbh.de\/pl\/o-nas\/\" class=\"elementor-item\" tabindex=\"-1\">O nas<\/a><\/li>\n<li class=\"menu-item menu-item-type-post_type menu-item-object-page menu-item-4529\"><a href=\"https:\/\/wthgmbh.de\/pl\/filozofia\/\" class=\"elementor-item\" tabindex=\"-1\">Filozofia<\/a><\/li>\n<li class=\"menu-item menu-item-type-post_type menu-item-object-page menu-item-5892\"><a href=\"https:\/\/wthgmbh.de\/pl\/historia\/\" class=\"elementor-item\" tabindex=\"-1\">Historia<\/a><\/li>\n<\/ul>\t\t\t<\/nav>\n\t\t\t\t\t\t<\/div>\n\t\t\t\t<\/div>\n\t\t\t\t<div class=\"elementor-element elementor-element-706761c elementor-hidden-desktop elementor-hidden-mobile elementor-widget elementor-widget-image\" data-id=\"706761c\" data-element_type=\"widget\" data-e-type=\"widget\" data-widget_type=\"image.default\">\n\t\t\t\t<div class=\"elementor-widget-container\">\n\t\t\t\t\t\t\t\t\t\t\t\t\t\t\t<img fetchpriority=\"high\" decoding=\"async\" width=\"218\" height=\"300\" src=\"https:\/\/wthgmbh.de\/wp-content\/uploads\/wth_bild_stader_impressionen_weich-218x300-1.jpg\" class=\"attachment-large size-large wp-image-3027\" alt=\"\" \/>\t\t\t\t\t\t\t\t\t\t\t\t\t\t\t<\/div>\n\t\t\t\t<\/div>\n\t\t\t\t\t<\/div>\n\t\t<\/div>\n\t\t\t\t<div class=\"elementor-column elementor-col-33 elementor-top-column elementor-element elementor-element-6078bb97\" data-id=\"6078bb97\" data-element_type=\"column\" data-e-type=\"column\">\n\t\t\t<div class=\"elementor-widget-wrap elementor-element-populated\">\n\t\t\t\t\t\t<div class=\"elementor-element elementor-element-4456b285 elementor-widget elementor-widget-heading\" data-id=\"4456b285\" data-element_type=\"widget\" data-e-type=\"widget\" data-widget_type=\"heading.default\">\n\t\t\t\t<div class=\"elementor-widget-container\">\n\t\t\t\t\t<h2 class=\"elementor-heading-title elementor-size-default\">Filozofii firmy nie da si\u0119 w \u017caden spos\u00f3b wyrazi\u0107 samymi s\u0142owami.<\/h2>\t\t\t\t<\/div>\n\t\t\t\t<\/div>\n\t\t\t\t<div class=\"elementor-element elementor-element-455be228 elementor-widget elementor-widget-text-editor\" data-id=\"455be228\" data-element_type=\"widget\" data-e-type=\"widget\" data-widget_type=\"text-editor.default\">\n\t\t\t\t<div class=\"elementor-widget-container\">\n\t\t\t\t\t\t\t\t\t<p>Mo\u017cemy je r\u00f3wnie\u017c opisa\u0107 za pomoc\u0105 obraz\u00f3w: Kultywuj poczucie tradycji, wyznaczaj jasne punkty sta\u0142e. Kosmopolityczna i nowoczesna, dzia\u0142aj\u0105ca z sukcesem na ca\u0142ym \u015bwiecie, z ojczyzn\u0105 w sercu, aby to, co wyj\u0105tkowe, sta\u0142o si\u0119 norm\u0105 na wysokim poziomie. Takie jest g\u0142\u00f3wne przes\u0142anie obrazu stworzonego przez artyst\u0119 Stade Ingo Wagnera na zlecenie WTH GmbH.<\/p>\n<p>Takie jest g\u0142\u00f3wne przes\u0142anie obrazu stworzonego przez artyst\u0119 Stade Ingo Wagnera na zlecenie WTH GmbH. Urz\u0105dzenia na placu, takie jak \u017curaw, waga miejska i komora celna, dokumentuj\u0105 przep\u0142yw towar\u00f3w. Cz\u0119\u015bci\u0105 jest r\u00f3wnie\u017c wie\u017ca ko\u015bcio\u0142a Cosmae jako symbol chrze\u015bcija\u0144skich zasad. Do tego dochodzi mocno obci\u0105\u017cony ewer z napompowanymi \u017caglami w pe\u0142nym o\u017caglowaniu. Tyle o domu.<\/p>\n<p>Bia\u0142o-czerwona dominuj\u0105ca latarnia morska po prawej stronie, mapy morskie w tle i pot\u0119\u017cna r\u00f3\u017ca wiatr\u00f3w w lewym rogu symbolizuj\u0105 orientacj\u0119 w mi\u0119dzynarodowej cz\u0119\u015bci handlu, kt\u00f3ry firma ze Stade prowadzi na ca\u0142ym \u015bwiecie.<\/p>\n\t\t\t\t\t\t\t\t<\/div>\n\t\t\t\t<\/div>\n\t\t\t\t\t<\/div>\n\t\t<\/div>\n\t\t\t\t<div class=\"elementor-column elementor-col-33 elementor-top-column elementor-element elementor-element-5fcbde79 elementor-hidden-tablet\" data-id=\"5fcbde79\" data-element_type=\"column\" data-e-type=\"column\">\n\t\t\t<div class=\"elementor-widget-wrap elementor-element-populated\">\n\t\t\t\t\t\t<div class=\"elementor-element elementor-element-33b664b4 elementor-widget elementor-widget-image\" data-id=\"33b664b4\" data-element_type=\"widget\" data-e-type=\"widget\" data-widget_type=\"image.default\">\n\t\t\t\t<div class=\"elementor-widget-container\">\n\t\t\t\t\t\t\t\t\t\t\t\t\t\t\t<img fetchpriority=\"high\" decoding=\"async\" width=\"218\" height=\"300\" src=\"https:\/\/wthgmbh.de\/wp-content\/uploads\/wth_bild_stader_impressionen_weich-218x300-1.jpg\" class=\"attachment-large size-large wp-image-3027\" alt=\"\" \/>\t\t\t\t\t\t\t\t\t\t\t\t\t\t\t<\/div>\n\t\t\t\t<\/div>\n\t\t\t\t\t<\/div>\n\t\t<\/div>\n\t\t\t\t\t<\/div>\n\t\t<\/section>\n\t\t\t\t<section class=\"elementor-section elementor-top-section elementor-element elementor-element-06ee63f elementor-section-boxed elementor-section-height-default elementor-section-height-default\" data-id=\"06ee63f\" data-element_type=\"section\" data-e-type=\"section\">\n\t\t\t\t\t\t<div class=\"elementor-container elementor-column-gap-default\">\n\t\t\t\t\t<div class=\"elementor-column elementor-col-100 elementor-top-column elementor-element elementor-element-f058b0c\" data-id=\"f058b0c\" data-element_type=\"column\" data-e-type=\"column\">\n\t\t\t<div class=\"elementor-widget-wrap elementor-element-populated\">\n\t\t\t\t\t\t<div class=\"elementor-element elementor-element-4b65a97 elementor-widget elementor-widget-heading\" data-id=\"4b65a97\" data-element_type=\"widget\" data-e-type=\"widget\" data-widget_type=\"heading.default\">\n\t\t\t\t<div class=\"elementor-widget-container\">\n\t\t\t\t\t<h2 class=\"elementor-heading-title elementor-size-default\">Nasza siedziba w Niemczech:<\/h2>\t\t\t\t<\/div>\n\t\t\t\t<\/div>\n\t\t\t\t<section class=\"elementor-section elementor-inner-section elementor-element elementor-element-06e2117 elementor-section-height-min-height elementor-section-boxed elementor-section-height-default\" data-id=\"06e2117\" data-element_type=\"section\" data-e-type=\"section\">\n\t\t\t\t\t\t<div class=\"elementor-container elementor-column-gap-no\">\n\t\t\t\t\t<div class=\"elementor-column elementor-col-100 elementor-inner-column elementor-element elementor-element-4251f81\" data-id=\"4251f81\" data-element_type=\"column\" data-e-type=\"column\">\n\t\t\t<div class=\"elementor-widget-wrap elementor-element-populated\">\n\t\t\t\t\t\t<div class=\"elementor-element elementor-element-37780ce gmap elementor-widget elementor-widget-html\" data-id=\"37780ce\" data-element_type=\"widget\" data-e-type=\"widget\" data-widget_type=\"html.default\">\n\t\t\t\t<div class=\"elementor-widget-container\">\n\t\t\t\t\t <div class=\"brlbs-cmpnt-container brlbs-cmpnt-content-blocker\" data-borlabs-cookie-content-blocker-id=\"default\" data-borlabs-cookie-content=\"PGlmcmFtZSBzY3JvbGxpbmc9Im5vIiBzcmM9Imh0dHBzOi8vYXBwcy5jaXR5LW1hcC5kZS9pbmRleC5waHAvTWFwcy9NYWluQ3VzdG9tZXIvMC8xODAxL2FwcHMuY2l0eS1tYXAuZGUvZGUvaW50ZXJhY3RpdmUvMS80MDAvMiIgd2lkdGg9IjEwMCUiIGZyYW1lYm9yZGVyPSIwIj48L2lmcmFtZT4=\"><div class=\"brlbs-cmpnt-cb-preset-a\"> <p class=\"brlbs-cmpnt-cb-description\">Aktualnie wy\u015bwietlana jest tre\u015b\u0107 zast\u0119pcza z <strong>Domy\u015blne<\/strong>. Aby uzyska\u0107 dost\u0119p do rzeczywistej tre\u015bci, kliknij poni\u017cszy przycisk. Pami\u0119taj, \u017ce spowoduje to udost\u0119pnienie danych zewn\u0119trznym operatorom.<\/p> <div class=\"brlbs-cmpnt-cb-buttons\"> <a class=\"brlbs-cmpnt-cb-btn\" href=\"#\" data-borlabs-cookie-unblock role=\"button\">Odblokuj tre\u015b\u0107<\/a> <a class=\"brlbs-cmpnt-cb-btn\" href=\"#\" data-borlabs-cookie-accept-service role=\"button\" style=\"display: none\">Zaakceptuj wymagan\u0105 us\u0142ug\u0119 i odblokuj tre\u015bci<\/a> <\/div> <a class=\"brlbs-cmpnt-cb-provider-toggle\" href=\"#\" data-borlabs-cookie-show-provider-information role=\"button\">Wi\u0119cej informacji<\/a> <\/div><\/div>\t\t\t\t<\/div>\n\t\t\t\t<\/div>\n\t\t\t\t<div class=\"elementor-element elementor-element-200476a elementor-align-center elementor-widget__width-initial elementor-absolute elementor-widget elementor-widget-button\" data-id=\"200476a\" data-element_type=\"widget\" data-e-type=\"widget\" data-settings=\"{&quot;_position&quot;:&quot;absolute&quot;}\" data-widget_type=\"button.default\">\n\t\t\t\t<div class=\"elementor-widget-container\">\n\t\t\t\t\t\t\t\t\t<div class=\"elementor-button-wrapper\">\n\t\t\t\t\t<a class=\"elementor-button elementor-size-xl\" role=\"button\">\n\t\t\t\t\t\t<span class=\"elementor-button-content-wrapper\">\n\t\t\t\t\t\t<span class=\"elementor-button-icon\">\n\t\t\t\t<i aria-hidden=\"true\" class=\"fas fa-lock\"><\/i>\t\t\t<\/span>\n\t\t\t\t\t\t\t\t<\/span>\n\t\t\t\t\t<\/a>\n\t\t\t\t<\/div>\n\t\t\t\t\t\t\t\t<\/div>\n\t\t\t\t<\/div>\n\t\t\t\t\t<\/div>\n\t\t<\/div>\n\t\t\t\t\t<\/div>\n\t\t<\/section>\n\t\t\t\t\t<\/div>\n\t\t<\/div>\n\t\t\t\t\t<\/div>\n\t\t<\/section>\n\t\t\t\t<\/div>\n\t\t","protected":false},"excerpt":{"rendered":"<p>Filozofia Firma Filozofii firmy nie da si\u0119 w \u017caden spos\u00f3b wyrazi\u0107 samymi s\u0142owami. Mo\u017cemy je r\u00f3wnie\u017c opisa\u0107 za pomoc\u0105 obraz\u00f3w: Kultywuj poczucie tradycji, wyznaczaj jasne punkty sta\u0142e. Kosmopolityczna i nowoczesna, dzia\u0142aj\u0105ca z sukcesem na ca\u0142ym \u015bwiecie, z ojczyzn\u0105 w sercu, aby to, co wyj\u0105tkowe, sta\u0142o si\u0119 norm\u0105 na wysokim poziomie. Takie jest g\u0142\u00f3wne przes\u0142anie obrazu [&hellip;]<\/p>\n","protected":false},"author":1,"featured_media":0,"parent":0,"menu_order":0,"comment_status":"closed","ping_status":"closed","template":"","meta":{"footnotes":""},"class_list":["post-4447","page","type-page","status-publish","hentry"],"_links":{"self":[{"href":"https:\/\/wthgmbh.de\/pl\/wp-json\/wp\/v2\/pages\/4447","targetHints":{"allow":["GET"]}}],"collection":[{"href":"https:\/\/wthgmbh.de\/pl\/wp-json\/wp\/v2\/pages"}],"about":[{"href":"https:\/\/wthgmbh.de\/pl\/wp-json\/wp\/v2\/types\/page"}],"author":[{"embeddable":true,"href":"https:\/\/wthgmbh.de\/pl\/wp-json\/wp\/v2\/users\/1"}],"replies":[{"embeddable":true,"href":"https:\/\/wthgmbh.de\/pl\/wp-json\/wp\/v2\/comments?post=4447"}],"version-history":[{"count":5,"href":"https:\/\/wthgmbh.de\/pl\/wp-json\/wp\/v2\/pages\/4447\/revisions"}],"predecessor-version":[{"id":11900,"href":"https:\/\/wthgmbh.de\/pl\/wp-json\/wp\/v2\/pages\/4447\/revisions\/11900"}],"wp:attachment":[{"href":"https:\/\/wthgmbh.de\/pl\/wp-json\/wp\/v2\/media?parent=4447"}],"curies":[{"name":"wp","href":"https:\/\/api.w.org\/{rel}","templated":true}]}}